{"id":27,"date":"2024-01-12T14:35:58","date_gmt":"2024-01-12T14:35:58","guid":{"rendered":"https:\/\/ustakadir.com\/?page_id=27"},"modified":"2026-02-27T11:33:40","modified_gmt":"2026-02-27T11:33:40","slug":"renault-dacia","status":"publish","type":"page","link":"https:\/\/ustakadir.com\/?page_id=27","title":{"rendered":"RENAULT-DAC\u0130A"},"content":{"rendered":"\n<h2 class=\"wp-block-heading has-vivid-cyan-blue-color has-text-color has-link-color has-medium-font-size wp-elements-db5de0558306c3be53f9db80e475b230\"><strong>TAL\u0130SMAN \u2013 KADJAR \u2013 KOLEOS \u2013 MEGANE 4 \u0130CON<\/strong> (FAZ1)<\/h2>\n\n\n\n<ul class=\"wp-block-list\">\n<li>Android Auto (  3.3 ve \u00fczeri-\u0130lave \u00fccretli)<\/li>\n\n\n\n<li>Apple Car Play (&nbsp;3.3 ve \u00fczeri-\u0130lave \u00fccretli)<\/li>\n\n\n\n<li>Rsound Motor Sesi<\/li>\n\n\n\n<li>Gt-Line Kar\u015f\u0131lama<\/li>\n\n\n\n<li>Lastik Bas\u0131\u00e7lar\u0131n\u0131 psi (teyipte)<\/li>\n\n\n\n<li>Esp exper mod<\/li>\n\n\n\n<li>Hareket Halinde Video izleme ve Genel Kullan\u0131m (ilave \u00fccretli)<\/li>\n\n\n\n<li>&nbsp;<\/li>\n\n\n\n<li>Kadran Kar\u015f\u0131lama<\/li>\n\n\n\n<li>260 kmh Kadran<\/li>\n\n\n\n<li>Lastik Bas\u0131\u00e7lar\u0131n\u0131 psi (kadranda)<\/li>\n\n\n\n<li>Yorgunluk Alg\u0131lama<\/li>\n\n\n\n<li>Tabela Okuma Sistemi (Camda Kamera varsa)<\/li>\n\n\n\n<li>&nbsp;<\/li>\n\n\n\n<li>D\u00f6n\u00fc\u015fe Duyarl\u0131 Sisler<\/li>\n\n\n\n<li>Alarm (Korna veya D\u00f6rtl\u00fc)<\/li>\n\n\n\n<li>BipBip Kap\u0131 Kilit sesi (Baz\u0131 modeller)<\/li>\n\n\n\n<li>Sinyalde G\u00fczd\u00fcz Ledi S\u00f6nmesi<\/li>\n\n\n\n<li>Led Kar\u015f\u0131lama (\u00d6n ve Arka)<\/li>\n\n\n\n<li>Radyo AM mod iptali (sadece FM)<\/li>\n\n\n\n<li>Geri Viteste Sislerin Yanmas\u0131<\/li>\n\n\n\n<li>Panik Mod<\/li>\n\n\n\n<li>Led Parlakl\u0131\u011f\u0131n\u0131 Art\u0131rma<\/li>\n\n\n\n<li>Eller Serbest Kap\u0131 Kilitleme (Kadjar)<\/li>\n\n\n\n<li>Arka G\u00fcnd\u00fcz Ledi (Kadjar)<\/li>\n\n\n\n<li><\/li>\n\n\n\n<li>Lastik Bas\u0131n\u00e7 Sens\u00f6r\u00fc Ar\u0131zas\u0131 Giderme (ilave \u00fccretli)<\/li>\n\n\n\n<li>Ya\u011f De\u011fi\u015fim-Bak\u0131m&nbsp; \u0130kaz\u0131 S\u0131f\u0131rlama (ilave \u00fccretli)<\/li>\n\n\n\n<li><\/li>\n\n\n\n<li>&lt;*Paket, versiyon ve donan\u0131ma g\u00f6re a\u00e7\u0131lamayan \u00f6zellikler olabilir&gt;<\/li>\n\n\n\n<li>i\u015flem s\u00fcresi: 20 dk.<\/li>\n<\/ul>\n\n\n\n<hr class=\"wp-block-separator has-alpha-channel-opacity\"\/>\n\n\n\n<h3 class=\"wp-block-heading has-vivid-cyan-blue-color has-text-color has-link-color wp-elements-ce60753a5ee37bdfc7ced4f303482f40\"><strong>TAL\u0130SMAN<\/strong>&#8211;<strong>MEGANE 4<\/strong>&#8211; <strong>CL\u0130O 5 \u0130CON-TOUCH<\/strong> (FAZ2)<\/h3>\n\n\n\n<ul class=\"wp-block-list\">\n<li>Kablosuz Android Auto&nbsp;<\/li>\n\n\n\n<li>Kablosuz Carplay<\/li>\n\n\n\n<li>Easylink G\u00fcncelleme (ilave \u00fccretli)<\/li>\n\n\n\n<li>Otomatik uzun-k\u0131sa far asistan\u0131 (ilave \u00fccretli)<\/li>\n\n\n\n<li>\u015eeritte tutma (ilave \u00fccretli)<\/li>\n\n\n\n<li>S\u00fcr\u00fcs Modu Aktivasyonu (comfort vb.)<\/li>\n\n\n\n<li>Multimedya Selamlama ( RS &amp; Initale Paris )<\/li>\n\n\n\n<li>My-Sense Direksiyon \u2013 Gaz \u2013 \u015eanz\u0131man Tepki Ayar\u0131<\/li>\n\n\n\n<li>OffRoad Men\u00fc Aktivasyonu<\/li>\n\n\n\n<li>Otoban Sinyal Say\u0131s\u0131 De\u011fi\u015ftirme Ayar\u0131 (1-3-5)<\/li>\n\n\n\n<li>Hareket Halinde Video izleme (baz\u0131lar\u0131)<\/li>\n\n\n\n<li><\/li>\n\n\n\n<li>Kadranda Yorgunluk Takibi<\/li>\n\n\n\n<li>Kadranda Teker Referans Simgesi<\/li>\n\n\n\n<li>Kadranda Saat ve D\u0131\u015f S\u0131cakl\u0131k Aktivasyonu<\/li>\n\n\n\n<li>Kadranda Park Sens\u00f6r\u00fc, Navigasyon, HP&amp;TORK Aktivasyonu<\/li>\n\n\n\n<li>Kadran H\u0131z Limiti 280 KM\/h ve Motor Suyu S\u0131cakl\u0131\u011f\u0131<\/li>\n<\/ul>\n\n\n\n<ul class=\"wp-block-list\">\n<li>Kumandadan Cam indirme<\/li>\n\n\n\n<li>Kalp \u015eeklinde Yan\u0131p S\u00f6nen Start butonu (Baz\u0131lar\u0131)<\/li>\n\n\n\n<li>Otomatik Follow Me Home<\/li>\n\n\n\n<li>B\u0131rak\u0131lan S\u00fcr\u00fc\u015f Modunda Ba\u015flama<\/li>\n\n\n\n<li>S\u00fcrekli Yanan Arka Stop Ledleri (Baz\u0131lar\u0131)<\/li>\n\n\n\n<li>Ara\u00e7 \u00c7al\u0131\u015f\u0131rken Kumanda \u00dczerinden Bagaj A\u00e7abilme<\/li>\n\n\n\n<li>G\u00f6rsel Alarm<\/li>\n\n\n\n<li>G\u00fcnd\u00fcz Ledi Parlakl\u0131\u011f\u0131 Artt\u0131rma<\/li>\n\n\n\n<li>Sinyal Verince G\u00fcnd\u00fcz Far\u0131 S\u00f6nmesi (Baz\u0131 Modeller)<\/li>\n\n\n\n<li>Emniyet Kemeri Uyar\u0131 Sesi Kapatma<\/li>\n\n\n\n<li>Adblue iptali (ilave \u00fccretli)<\/li>\n<\/ul>\n\n\n\n<hr class=\"wp-block-separator has-alpha-channel-opacity\"\/>\n\n\n\n<p>&nbsp;<\/p>\n\n\n\n<h3 class=\"wp-block-heading has-vivid-cyan-blue-color has-text-color has-link-color wp-elements-75f48e06446a8fc7273b6101c7f9517c\"><strong>MEGANE 4 -CL\u0130O 5 JOY<\/strong> <strong>Ekrans\u0131z<\/strong> <strong>(Faz2)<\/strong><\/h3>\n\n\n\n<ul class=\"wp-block-list\">\n<li>Kumandadan Cam indirme<\/li>\n\n\n\n<li>Otomatik Follow Me Home <\/li>\n\n\n\n<li>Kadranda Saat \/ S\u0131cakl\u0131k G\u00f6stergesi<\/li>\n\n\n\n<li>Kadranda HP ve Tork G\u00f6stergesi<\/li>\n\n\n\n<li>S\u00fcr\u00fc\u015f modlar\u0131 <\/li>\n\n\n\n<li>Kadrana yorgunluk,tek kap\u0131 a\u00e7ma,Sessiz mod,Follow me ayar\u0131 ekleme<\/li>\n\n\n\n<li>Sinyal Verince S\u00f6nen G\u00fcnd\u00fcz Ledi (Baz\u0131lar\u0131)<\/li>\n\n\n\n<li>G\u00fcnd\u00fcz Ledinin Parlakl\u0131\u011f\u0131n\u0131 Artt\u0131rma<\/li>\n\n\n\n<li>S\u00fcrekli Yanan Arka Stop Ledleri (Baz\u0131lar\u0131)<\/li>\n\n\n\n<li>Ara\u00e7 \u00c7al\u0131\u015f\u0131rken Bagaj Kapa\u011f\u0131 A\u00e7abilme(Baz\u0131lar\u0131)<\/li>\n\n\n\n<li>G\u00f6rsel Alarm <\/li>\n\n\n\n<li>\u00c7ift Kilit Animasyonu<\/li>\n\n\n\n<li>Emniyet Kemeri Uyar\u0131 Sesi Kapatma<\/li>\n\n\n\n<li>Adblue iptali (ilave \u00fccretli)<\/li>\n<\/ul>\n\n\n\n<hr class=\"wp-block-separator has-alpha-channel-opacity\"\/>\n\n\n\n<h2 class=\"wp-block-heading has-vivid-cyan-blue-color has-text-color has-link-color has-medium-font-size wp-elements-99fbe16ff13bf83d702207cf34fd0545\"><strong>MEGANE 4 (FAZ1) JOY-TOUCH (EKRANSIZ)<\/strong><\/h2>\n\n\n\n<ul class=\"wp-block-list\">\n<li>G\u00f6rsel veya Korna Alarm<\/li>\n\n\n\n<li>Emniyet Kemeri Uyar\u0131 \u0130ptali (Tavsiye Etmiyoruz)<\/li>\n\n\n\n<li>Lastik Bas\u0131n\u00e7 Psi yapma<\/li>\n\n\n\n<li>Kadrana yorgunluk ve tek kap\u0131 a\u00e7ma ayar\u0131 ekleme<\/li>\n\n\n\n<li>Sinyalde G\u00fcnd\u00fcz Ledi S\u00f6nmesi<\/li>\n\n\n\n<li>\u00d6n-Arka Ledler ile Kar\u015f\u0131lama-U\u011furlama<\/li>\n\n\n\n<li>Ledlerin Parlakl\u0131\u011f\u0131n\u0131 Art\u0131rma<\/li>\n\n\n\n<li>Viraj Ayd\u0131nlatma<\/li>\n\n\n\n<li>Geri Viteste Sislerin Yanmas\u0131<\/li>\n\n\n\n<li>Panik Mod<\/li>\n\n\n\n<li>Yorgunluk Alg\u0131lama<\/li>\n\n\n\n<li>Zamanl\u0131 Kap\u0131 Kilidi 1dk.<\/li>\n\n\n\n<li>Lastik Bas\u0131n\u00e7 Sens\u00f6r\u00fc Ar\u0131zas\u0131 Giderme (ilave \u00fccretli)<\/li>\n\n\n\n<li>Ya\u011f De\u011fi\u015fim-Bak\u0131m&nbsp; \u0130kaz\u0131 S\u0131f\u0131rlama (ilave \u00fccretli)<\/li>\n\n\n\n<li>&lt;*Paket, versiyon ve donan\u0131ma g\u00f6re a\u00e7\u0131lamayan \u00f6zellikler olabilir&gt;<\/li>\n\n\n\n<li>i\u015flem s\u00fcresi: 10 dk.<\/li>\n<\/ul>\n\n\n\n<hr class=\"wp-block-separator has-alpha-channel-opacity\"\/>\n\n\n\n<h2 class=\"wp-block-heading has-vivid-cyan-blue-color has-text-color has-link-color has-medium-font-size wp-elements-acac8b88aeff19d481edeb26f5e9af1d\"><strong><strong>MEGANE 4 <\/strong>JOY (FAZ2)<\/strong><\/h2>\n\n\n\n<ul class=\"wp-block-list\">\n<li>Alarm G\u00f6rsel Veya Sesli (Destekleyen Modellerde Korna Kullan\u0131r)<\/li>\n\n\n\n<li>Otomatik Follow Me Home (Ev Takip I\u015f\u0131klar\u0131)<\/li>\n\n\n\n<li>Lastik Bas\u0131n\u00e7 Birimi PSI Yapma<\/li>\n\n\n\n<li>Eco Tu\u015funa Spor Mod Ekleme<\/li>\n\n\n\n<li>Yorgunluk Takibi<\/li>\n\n\n\n<li>Kadrana S\u0131cakl\u0131k Saat Eklme<\/li>\n\n\n\n<li>Kadrana HP \u2013 Tork Ekleme<\/li>\n\n\n\n<li>Kadrana Radyo \u2013 M\u00fczik Bilgisi Ekleme<\/li>\n\n\n\n<li>A\u015f\u0131r\u0131 H\u0131z Uyar\u0131s\u0131 120 Km<\/li>\n\n\n\n<li>Emniyet \u0130kaz Sesi Kapatma<\/li>\n\n\n\n<li>Adblue iptali (ilave \u00fccretli)<\/li>\n<\/ul>\n\n\n\n<hr class=\"wp-block-separator has-alpha-channel-opacity\"\/>\n\n\n\n<h2 class=\"wp-block-heading has-vivid-cyan-blue-color has-text-color has-link-color has-medium-font-size wp-elements-c4c5037890f10a00bc92bc1775130ec6\">TAL\u0130ANT &#8211; SANDERO &#8211; JOGGER<\/h2>\n\n\n\n<ul class=\"wp-block-list\">\n<li>Kadrana Derece Ve Saat<\/li>\n\n\n\n<li>Kadrana Ses-Navi bilgisi<\/li>\n\n\n\n<li>Kadrana ara\u00e7 Ayar Men\u00fcs\u00fc<\/li>\n\n\n\n<li>4\/4 OFF Road Men\u00fc<\/li>\n\n\n\n<li>Multimedya da Klima Bilgisi<\/li>\n\n\n\n<li>Multimedya da Renk Se\u00e7ene\u011fi<\/li>\n\n\n\n<li>Navigasyon (Baz\u0131lar\u0131)<\/li>\n\n\n\n<li>Follow Me Home<\/li>\n\n\n\n<li>G\u00f6rsel Alarm<\/li>\n\n\n\n<li>Hareket Halinde Video Oynatma ( Baz\u0131lar\u0131 )<\/li>\n\n\n\n<li>Led Kar\u015f\u0131lama ( baz\u0131lar\u0131 )<\/li>\n\n\n\n<li>Kumandadan Bagaj A\u00e7ma ( baz\u0131lar\u0131 )<\/li>\n\n\n\n<li>G\u00fcnd\u00fcz Ledi ile Yanan S\u00fcrekli Arka Parklar ( baz\u0131lar\u0131 )<\/li>\n\n\n\n<li>S\u00fcr\u00fc\u015f Modlar\u0131 ( Ekranl\u0131 modellerde)<\/li>\n\n\n\n<li>Spor Mod (Ekrans\u0131z modellerde)<\/li>\n\n\n\n<li>Geri Viteste Arka Silecek iptali<\/li>\n\n\n\n<li>Sos iptali (ilave \u00fccretli)<\/li>\n\n\n\n<li><\/li>\n<\/ul>\n\n\n\n<h2 class=\"wp-block-heading has-vivid-cyan-blue-color has-text-color has-link-color has-medium-font-size wp-elements-d391f8d905bd0c52730cb09db739e67d\">RENAULT SYMBOL, DAC\u0130A DUSTER, SANDERO, LOGAN, LOGAN MCV 2013-2016&nbsp; MODELLER<\/h2>\n\n\n\n<ul class=\"wp-block-list\">\n<li>Yoku\u015f Kalk\u0131\u015f Deste\u011fi<\/li>\n\n\n\n<li>Yol Bilgisayar\u0131 (Anl\u0131k T\u00fcketim,Kalan yak\u0131t g\u00f6stergesi vs.)<\/li>\n\n\n\n<li>G\u00fcnd\u00fcz Kadran Ayd\u0131nlatmas\u0131<\/li>\n\n\n\n<li>Otoban Konfor Sinyali<\/li>\n\n\n\n<li>D\u0131\u015f Is\u0131 G\u00f6stergesi (Donan\u0131m Varsa)<\/li>\n\n\n\n<li>Emniyet Kemeri Uyar\u0131 \u0130ptali (Tavsiye Etmiyoruz)<\/li>\n\n\n\n<li>Alarm (G\u00f6rsel Alarm)<\/li>\n\n\n\n<li>Zamanl\u0131 Kap\u0131 kilidi 1dk.<\/li>\n\n\n\n<li>\u00c7ift Kilitlemede Selamlama<\/li>\n\n\n\n<li>Geri Vitesde Arka Silecek \u0130ptali (Sandero,Lodgy,Duster)<\/li>\n\n\n\n<li>Lastik Bas\u0131n\u00e7 Sens\u00f6r\u00fc Ar\u0131zas\u0131 Giderme (ilave \u00fccretli)<\/li>\n\n\n\n<li>Ya\u011f De\u011fi\u015fim-Bak\u0131m&nbsp; \u0130kaz\u0131 S\u0131f\u0131rlama (ilave \u00fccretli)<\/li>\n\n\n\n<li>&lt;*Paket, versiyon ve donan\u0131ma g\u00f6re a\u00e7\u0131lamayan \u00f6zellikler olabilir&gt;<\/li>\n\n\n\n<li>i\u015flem s\u00fcresi: 10 dk.<\/li>\n<\/ul>\n\n\n\n<hr class=\"wp-block-separator has-alpha-channel-opacity\"\/>\n\n\n\n<h2 class=\"wp-block-heading has-vivid-cyan-blue-color has-text-color has-link-color has-medium-font-size wp-elements-86b932c86f7e3938628d3f66098d91a7\">RENAULT SYMBOL, DAC\u0130A , SANDERO, LOGAN, LOGAN MCV, LODGY 2016+&nbsp; MODELLER<\/h2>\n\n\n\n<ul class=\"wp-block-list\">\n<li>Yol Bilgisayar\u0131 (Anl\u0131k T\u00fcketim,Kalan yak\u0131t g\u00f6stergesi vs.)<\/li>\n\n\n\n<li>G\u00fcnd\u00fcz Kadran Ayd\u0131nlatmas\u0131<\/li>\n\n\n\n<li>Geri Vitesde Arka Silecek \u0130ptali (Sandero,Lodgy)<\/li>\n\n\n\n<li>Emniyet Kemeri Uyar\u0131 \u0130ptali (Tavsiye Etmiyoruz)<\/li>\n\n\n\n<li>Alarm (G\u00f6rsel Alarm)<\/li>\n\n\n\n<li>Zamanl\u0131 Kap\u0131 kilidi 1dk.<\/li>\n\n\n\n<li>\u00c7ift Kilitlemede Selamlama<\/li>\n\n\n\n<li>Hararet G\u00f6stergesi (2018 ve \u00fczeri)<\/li>\n\n\n\n<li>Lastik Bas\u0131n\u00e7 Sens\u00f6r\u00fc Ar\u0131zas\u0131 Giderme (ilave \u00fccretli)<\/li>\n\n\n\n<li>Ya\u011f De\u011fi\u015fim-Bak\u0131m&nbsp; \u0130kaz\u0131 S\u0131f\u0131rlama (ilave \u00fccretli)<\/li>\n\n\n\n<li>&lt;*Paket, versiyon ve donan\u0131ma g\u00f6re a\u00e7\u0131lamayan \u00f6zellikler olabilir&gt;<\/li>\n<\/ul>\n\n\n\n<p>i\u015flem s\u00fcresi: 10 dk.<\/p>\n\n\n\n<hr class=\"wp-block-separator has-alpha-channel-opacity\"\/>\n\n\n\n<h2 class=\"wp-block-heading has-vivid-cyan-blue-color has-text-color has-link-color has-medium-font-size wp-elements-5b2396d1fae65fc14dfc9d5bcad47916\">FLUENCE, MEGANE 3, LAT\u0130TUDE, SCEN\u0130C<\/h2>\n\n\n\n<ul class=\"wp-block-list\">\n<li>Alarm (Korna ve D\u00f6rtl\u00fc)<\/li>\n\n\n\n<li>Kumandandan Bagaj Kapa\u011f\u0131 A\u00e7ma<\/li>\n\n\n\n<li>Kumandadan Cam ve Sunroof Kapatma (Baz\u0131s\u0131 2 cam Baz\u0131s\u0131 4 cam)<\/li>\n\n\n\n<li>Follow Me Home<\/li>\n\n\n\n<li>Otoban Konfor Sinyali<\/li>\n\n\n\n<li>Far Sens\u00f6r\u00fc Hassasiyeti<\/li>\n\n\n\n<li>Zamanl\u0131 Kap\u0131 Kilidi 1 dk.<\/li>\n\n\n\n<li>\u00c7ift Kilitlemede Selamlama<\/li>\n\n\n\n<li>Frene Basmadan Arac\u0131 \u00c7al\u0131\u015ft\u0131rma (Otomatik viteslerde)<\/li>\n\n\n\n<li>Lastik Bas\u0131nc\u0131 psi Yapma (Dijital Kadranda)<\/li>\n\n\n\n<li>Kadrana Saat ve Derece ( Dijital Kadranda)<\/li>\n\n\n\n<li>G\u00fcnd\u00fcz Kadran Ayd\u0131nlatmas\u0131 (Analog Kadranda)<\/li>\n\n\n\n<li>Lastik Bas\u0131n\u00e7 Sens\u00f6r\u00fc Ar\u0131zas\u0131 Giderme (ilave \u00fccretli)<\/li>\n\n\n\n<li>Ya\u011f De\u011fi\u015fim-Bak\u0131m&nbsp; \u0130kaz\u0131 S\u0131f\u0131rlama (ilave \u00fccretli)<\/li>\n\n\n\n<li>&lt;*Paket, versiyon ve donan\u0131ma g\u00f6re a\u00e7\u0131lamayan \u00f6zellikler olabilir&gt;&nbsp;<\/li>\n\n\n\n<li>i\u015flem s\u00fcresi: 10 dk.<\/li>\n<\/ul>\n\n\n\n<hr class=\"wp-block-separator has-alpha-channel-opacity\"\/>\n\n\n\n<h2 class=\"wp-block-heading has-vivid-cyan-blue-color has-text-color has-link-color has-medium-font-size wp-elements-2baef2278cc8b2f5ef5214b62d4229a7\"><strong>CL\u0130O 4 \u2013 CAPTUR \u0130CON<\/strong><\/h2>\n\n\n\n<ul class=\"wp-block-list\">\n<li>Ekonometre s\u00fcr\u00fc\u015f stili \u0131\u015f\u0131\u011f\u0131 *<\/li>\n\n\n\n<li>D\u00f6n\u00fc\u015fe Duyarl\u0131 Sisler*<\/li>\n\n\n\n<li>Alarm (G\u00f6rsel)<\/li>\n\n\n\n<li>Zamanl\u0131 Kap\u0131 Kilidi 1dk.<\/li>\n\n\n\n<li>\u00c7ift Kilitlemede Selamlama<\/li>\n\n\n\n<li>Frene Basmadan Arac\u0131 \u00c7al\u0131\u015ft\u0131rma (Otomatik viteslerde)<\/li>\n\n\n\n<li>Kadrana Saat ve S\u0131cakl\u0131k G\u00f6stergesi ekleme<\/li>\n\n\n\n<li>Geri Viteste Arka Silecek \u0130ptali<\/li>\n\n\n\n<li>Geri Viteste Sislerin Yanmas\u0131<\/li>\n\n\n\n<li>Emniyet Kemeri \u0130kaz\u0131 \u0130ptali (Tavsiye Etmiyoruz)&nbsp;<\/li>\n\n\n\n<li>Kumandadan Bagaj Kapa\u011f\u0131 A\u00e7ma*<\/li>\n\n\n\n<li>Lastik Bas\u0131n\u00e7 Sens\u00f6r\u00fc Ar\u0131zas\u0131 Giderme (ilave \u00fccretli)<\/li>\n\n\n\n<li>Ya\u011f De\u011fi\u015fim-Bak\u0131m&nbsp; \u0130kaz\u0131 S\u0131f\u0131rlama (ilave \u00fccretli)<\/li>\n\n\n\n<li>&lt;*Paket, versiyon ve donan\u0131ma g\u00f6re a\u00e7\u0131lamayan \u00f6zellikler olabilir&gt;<\/li>\n<\/ul>\n\n\n\n<p>&nbsp;i\u015flem s\u00fcresi: 10 dk<\/p>\n\n\n\n<hr class=\"wp-block-separator has-alpha-channel-opacity\"\/>\n\n\n\n<h2 class=\"wp-block-heading has-vivid-cyan-blue-color has-text-color has-link-color has-medium-font-size wp-elements-285e040b3e06b3467e96ca7b2652f51c\">YEN\u0130 DUSTER 2017+<\/h2>\n\n\n\n<ul class=\"wp-block-list\">\n<li>Yol Bilgisayar\u0131 (Anl\u0131k T\u00fcketim,Kalan yak\u0131t g\u00f6stergesi vs.)<\/li>\n\n\n\n<li>Ya\u011fmurda Camlar\u0131n Kapanmas\u0131 (Donan\u0131m Varsa ilave \u00fccretli)<\/li>\n\n\n\n<li>D\u00f6n\u00fc\u015fe Duyarl\u0131 Sisler<\/li>\n\n\n\n<li>Kadrana Saat ve Derece Ekleme<\/li>\n\n\n\n<li>My-Sense S\u00fcr\u00fc\u015f Modlar\u0131<\/li>\n\n\n\n<li>Kar\u015f\u0131lama-U\u011furlama (Led \u0131\u015f\u0131klar\u0131 ile)<\/li>\n\n\n\n<li>Zamanl\u0131 Kap\u0131 Kilidi 1dk.<\/li>\n\n\n\n<li>Sinyalde G\u00fcnd\u00fcz Ledi S\u00f6nmesi<\/li>\n\n\n\n<li>Arka G\u00fcnd\u00fcz Ledleri<\/li>\n\n\n\n<li>Teyipte 4&#215;4 Bilgisi<\/li>\n\n\n\n<li>Teyipte Klima Bilgisi<\/li>\n\n\n\n<li>Geri Viteste Arka Silecek \u0130ptali<\/li>\n\n\n\n<li>Geri Viteste Sislerin Yanmas\u0131<\/li>\n\n\n\n<li>Hararet G\u00f6stergesi<\/li>\n\n\n\n<li>Alarm (G\u00f6rsel)<\/li>\n\n\n\n<li>Kumandadan Bagaj Kapa\u011f\u0131 A\u00e7ma<\/li>\n\n\n\n<li>Follow Me Home<\/li>\n\n\n\n<li><\/li>\n\n\n\n<li>Adblue iptali (ilave \u00fccretli)<\/li>\n\n\n\n<li>Lastik Bas\u0131n\u00e7 Sens\u00f6r\u00fc Ar\u0131zas\u0131 Giderme (ilave \u00fccretli)<\/li>\n\n\n\n<li>Ya\u011f De\u011fi\u015fim-Bak\u0131m&nbsp; \u0130kaz\u0131 S\u0131f\u0131rlama (ilave \u00fccretli)<\/li>\n\n\n\n<li>&lt;*Paket, versiyon ve donan\u0131ma g\u00f6re a\u00e7\u0131lamayan \u00f6zellikler olabilir&gt;<\/li>\n\n\n\n<li>&nbsp;i\u015flem s\u00fcresi: 10 dk.<\/li>\n<\/ul>\n\n\n\n<hr class=\"wp-block-separator has-alpha-channel-opacity\"\/>\n\n\n\n<p>Youtube videolar\u0131m\u0131z\u0131 inceleyebilirsiniz, Abone olarak destek olabilirsiniz<\/p>\n\n\n\n<figure class=\"wp-block-embed is-type-video is-provider-youtube wp-block-embed-youtube wp-embed-aspect-16-9 wp-has-aspect-ratio\"><div class=\"wp-block-embed__wrapper\">\n<div class='embed-container'><iframe loading=\"lazy\" title=\"Renault-Dacia Yoku\u015f Kalk\u0131\u015f Deste\u011fi ve Gizli \u00d6zellikleri Aktif ediyoruz..\" width=\"1920\" height=\"1080\" src=\"https:\/\/www.youtube.com\/embed\/hjVCt30cT_E?feature=oembed\" frameborder=\"0\" allow=\"accelerometer; autoplay; clipboard-write; encrypted-media; gyroscope; picture-in-picture; web-share\" referrerpolicy=\"strict-origin-when-cross-origin\" allowfullscreen><\/iframe><\/div>\n<\/div><\/figure>\n\n\n\n<hr class=\"wp-block-separator has-alpha-channel-opacity\"\/>\n\n\n\n<figure class=\"wp-block-embed is-type-video is-provider-youtube wp-block-embed-youtube wp-embed-aspect-16-9 wp-has-aspect-ratio\"><div class=\"wp-block-embed__wrapper\">\nhttps:\/\/www.youtube.com\/watch?v=zm1Jw7PWSow\n<\/div><\/figure>\n","protected":false},"excerpt":{"rendered":"<p>TAL\u0130SMAN \u2013 KADJAR \u2013 KOLEOS \u2013 MEGANE 4 \u0130CON (FAZ1) TAL\u0130SMAN&#8211;MEGANE 4&#8211; CL\u0130O 5 \u0130CON-TOUCH (FAZ2) &nbsp; MEGANE 4 -CL\u0130O 5 JOY Ekrans\u0131z (Faz2) MEGANE 4 (FAZ1) JOY-TOUCH (EKRANSIZ) MEGANE 4 JOY (FAZ2) TAL\u0130ANT &#8211; SANDERO &#8211; JOGGER RENAULT SYMBOL, DAC\u0130A DUSTER, SANDERO, LOGAN, LOGAN MCV 2013-2016&nbsp; MODELLER RENAULT SYMBOL, DAC\u0130A , SANDERO, LOGAN, LOGAN&hellip; <br \/> <a class=\"read-more\" href=\"https:\/\/ustakadir.com\/?page_id=27\">Devam\u0131<\/a><\/p>\n","protected":false},"author":1,"featured_media":0,"parent":0,"menu_order":0,"comment_status":"closed","ping_status":"closed","template":"","meta":{"footnotes":""},"class_list":["post-27","page","type-page","status-publish","hentry"],"yoast_head":"<!-- This site is optimized with the Yoast SEO plugin v26.7 - https:\/\/yoast.com\/wordpress\/plugins\/seo\/ -->\n<title>RENAULT-DAC\u0130A - Kadir Usta<\/title>\n<meta name=\"robots\" content=\"index, follow, max-snippet:-1, max-image-preview:large, max-video-preview:-1\" \/>\n<link rel=\"canonical\" href=\"https:\/\/ustakadir.com\/?page_id=27\" \/>\n<meta property=\"og:locale\" content=\"tr_TR\" \/>\n<meta property=\"og:type\" content=\"article\" \/>\n<meta property=\"og:title\" content=\"RENAULT-DAC\u0130A - Kadir Usta\" \/>\n<meta property=\"og:description\" content=\"TAL\u0130SMAN \u2013 KADJAR \u2013 KOLEOS \u2013 MEGANE 4 \u0130CON (FAZ1) TAL\u0130SMAN&#8211;MEGANE 4&#8211; CL\u0130O 5 \u0130CON-TOUCH (FAZ2) &nbsp; MEGANE 4 -CL\u0130O 5 JOY Ekrans\u0131z (Faz2) MEGANE 4 (FAZ1) JOY-TOUCH (EKRANSIZ) MEGANE 4 JOY (FAZ2) TAL\u0130ANT &#8211; SANDERO &#8211; JOGGER RENAULT SYMBOL, DAC\u0130A DUSTER, SANDERO, LOGAN, LOGAN MCV 2013-2016&nbsp; MODELLER RENAULT SYMBOL, DAC\u0130A , SANDERO, LOGAN, LOGAN&hellip; Devam\u0131\" \/>\n<meta property=\"og:url\" content=\"https:\/\/ustakadir.com\/?page_id=27\" \/>\n<meta property=\"og:site_name\" content=\"Kadir Usta\" \/>\n<meta property=\"article:modified_time\" content=\"2026-02-27T11:33:40+00:00\" \/>\n<meta name=\"twitter:card\" content=\"summary_large_image\" \/>\n<meta name=\"twitter:label1\" content=\"Tahmini okuma s\u00fcresi\" \/>\n\t<meta name=\"twitter:data1\" content=\"6 dakika\" \/>\n<script type=\"application\/ld+json\" class=\"yoast-schema-graph\">{\"@context\":\"https:\/\/schema.org\",\"@graph\":[{\"@type\":\"WebPage\",\"@id\":\"https:\/\/ustakadir.com\/?page_id=27\",\"url\":\"https:\/\/ustakadir.com\/?page_id=27\",\"name\":\"RENAULT-DAC\u0130A - Kadir Usta\",\"isPartOf\":{\"@id\":\"https:\/\/ustakadir.com\/#website\"},\"datePublished\":\"2024-01-12T14:35:58+00:00\",\"dateModified\":\"2026-02-27T11:33:40+00:00\",\"breadcrumb\":{\"@id\":\"https:\/\/ustakadir.com\/?page_id=27#breadcrumb\"},\"inLanguage\":\"tr\",\"potentialAction\":[{\"@type\":\"ReadAction\",\"target\":[\"https:\/\/ustakadir.com\/?page_id=27\"]}]},{\"@type\":\"BreadcrumbList\",\"@id\":\"https:\/\/ustakadir.com\/?page_id=27#breadcrumb\",\"itemListElement\":[{\"@type\":\"ListItem\",\"position\":1,\"name\":\"Anasayfa\",\"item\":\"https:\/\/ustakadir.com\/\"},{\"@type\":\"ListItem\",\"position\":2,\"name\":\"RENAULT-DAC\u0130A\"}]},{\"@type\":\"WebSite\",\"@id\":\"https:\/\/ustakadir.com\/#website\",\"url\":\"https:\/\/ustakadir.com\/\",\"name\":\"Kadir Usta-Gizli \u00d6zellik Aktivasyon Merkezi\",\"description\":\"Gizli \u00f6zellik aktivasyon merkezi\",\"publisher\":{\"@id\":\"https:\/\/ustakadir.com\/#organization\"},\"potentialAction\":[{\"@type\":\"SearchAction\",\"target\":{\"@type\":\"EntryPoint\",\"urlTemplate\":\"https:\/\/ustakadir.com\/?s={search_term_string}\"},\"query-input\":{\"@type\":\"PropertyValueSpecification\",\"valueRequired\":true,\"valueName\":\"search_term_string\"}}],\"inLanguage\":\"tr\"},{\"@type\":\"Organization\",\"@id\":\"https:\/\/ustakadir.com\/#organization\",\"name\":\"Kadir Usta\",\"url\":\"https:\/\/ustakadir.com\/\",\"logo\":{\"@type\":\"ImageObject\",\"inLanguage\":\"tr\",\"@id\":\"https:\/\/ustakadir.com\/#\/schema\/logo\/image\/\",\"url\":\"https:\/\/ustakadir.com\/wp-content\/uploads\/2024\/01\/S80728-12291503.jpg\",\"contentUrl\":\"https:\/\/ustakadir.com\/wp-content\/uploads\/2024\/01\/S80728-12291503.jpg\",\"width\":496,\"height\":586,\"caption\":\"Kadir Usta\"},\"image\":{\"@id\":\"https:\/\/ustakadir.com\/#\/schema\/logo\/image\/\"},\"sameAs\":[\"https:\/\/www.instagram.com\/ustakadir05\/\",\"https:\/\/www.youtube.com\/channel\/UCEN8obusB5tI5iXOJsOQluA\"]}]}<\/script>\n<!-- \/ Yoast SEO plugin. -->","yoast_head_json":{"title":"RENAULT-DAC\u0130A - Kadir Usta","robots":{"index":"index","follow":"follow","max-snippet":"max-snippet:-1","max-image-preview":"max-image-preview:large","max-video-preview":"max-video-preview:-1"},"canonical":"https:\/\/ustakadir.com\/?page_id=27","og_locale":"tr_TR","og_type":"article","og_title":"RENAULT-DAC\u0130A - Kadir Usta","og_description":"TAL\u0130SMAN \u2013 KADJAR \u2013 KOLEOS \u2013 MEGANE 4 \u0130CON (FAZ1) TAL\u0130SMAN&#8211;MEGANE 4&#8211; CL\u0130O 5 \u0130CON-TOUCH (FAZ2) &nbsp; MEGANE 4 -CL\u0130O 5 JOY Ekrans\u0131z (Faz2) MEGANE 4 (FAZ1) JOY-TOUCH (EKRANSIZ) MEGANE 4 JOY (FAZ2) TAL\u0130ANT &#8211; SANDERO &#8211; JOGGER RENAULT SYMBOL, DAC\u0130A DUSTER, SANDERO, LOGAN, LOGAN MCV 2013-2016&nbsp; MODELLER RENAULT SYMBOL, DAC\u0130A , SANDERO, LOGAN, LOGAN&hellip; Devam\u0131","og_url":"https:\/\/ustakadir.com\/?page_id=27","og_site_name":"Kadir Usta","article_modified_time":"2026-02-27T11:33:40+00:00","twitter_card":"summary_large_image","twitter_misc":{"Tahmini okuma s\u00fcresi":"6 dakika"},"schema":{"@context":"https:\/\/schema.org","@graph":[{"@type":"WebPage","@id":"https:\/\/ustakadir.com\/?page_id=27","url":"https:\/\/ustakadir.com\/?page_id=27","name":"RENAULT-DAC\u0130A - Kadir Usta","isPartOf":{"@id":"https:\/\/ustakadir.com\/#website"},"datePublished":"2024-01-12T14:35:58+00:00","dateModified":"2026-02-27T11:33:40+00:00","breadcrumb":{"@id":"https:\/\/ustakadir.com\/?page_id=27#breadcrumb"},"inLanguage":"tr","potentialAction":[{"@type":"ReadAction","target":["https:\/\/ustakadir.com\/?page_id=27"]}]},{"@type":"BreadcrumbList","@id":"https:\/\/ustakadir.com\/?page_id=27#breadcrumb","itemListElement":[{"@type":"ListItem","position":1,"name":"Anasayfa","item":"https:\/\/ustakadir.com\/"},{"@type":"ListItem","position":2,"name":"RENAULT-DAC\u0130A"}]},{"@type":"WebSite","@id":"https:\/\/ustakadir.com\/#website","url":"https:\/\/ustakadir.com\/","name":"Kadir Usta-Gizli \u00d6zellik Aktivasyon Merkezi","description":"Gizli \u00f6zellik aktivasyon merkezi","publisher":{"@id":"https:\/\/ustakadir.com\/#organization"},"potentialAction":[{"@type":"SearchAction","target":{"@type":"EntryPoint","urlTemplate":"https:\/\/ustakadir.com\/?s={search_term_string}"},"query-input":{"@type":"PropertyValueSpecification","valueRequired":true,"valueName":"search_term_string"}}],"inLanguage":"tr"},{"@type":"Organization","@id":"https:\/\/ustakadir.com\/#organization","name":"Kadir Usta","url":"https:\/\/ustakadir.com\/","logo":{"@type":"ImageObject","inLanguage":"tr","@id":"https:\/\/ustakadir.com\/#\/schema\/logo\/image\/","url":"https:\/\/ustakadir.com\/wp-content\/uploads\/2024\/01\/S80728-12291503.jpg","contentUrl":"https:\/\/ustakadir.com\/wp-content\/uploads\/2024\/01\/S80728-12291503.jpg","width":496,"height":586,"caption":"Kadir Usta"},"image":{"@id":"https:\/\/ustakadir.com\/#\/schema\/logo\/image\/"},"sameAs":["https:\/\/www.instagram.com\/ustakadir05\/","https:\/\/www.youtube.com\/channel\/UCEN8obusB5tI5iXOJsOQluA"]}]}},"_links":{"self":[{"href":"https:\/\/ustakadir.com\/index.php?rest_route=\/wp\/v2\/pages\/27","targetHints":{"allow":["GET"]}}],"collection":[{"href":"https:\/\/ustakadir.com\/index.php?rest_route=\/wp\/v2\/pages"}],"about":[{"href":"https:\/\/ustakadir.com\/index.php?rest_route=\/wp\/v2\/types\/page"}],"author":[{"embeddable":true,"href":"https:\/\/ustakadir.com\/index.php?rest_route=\/wp\/v2\/users\/1"}],"replies":[{"embeddable":true,"href":"https:\/\/ustakadir.com\/index.php?rest_route=%2Fwp%2Fv2%2Fcomments&post=27"}],"version-history":[{"count":27,"href":"https:\/\/ustakadir.com\/index.php?rest_route=\/wp\/v2\/pages\/27\/revisions"}],"predecessor-version":[{"id":150,"href":"https:\/\/ustakadir.com\/index.php?rest_route=\/wp\/v2\/pages\/27\/revisions\/150"}],"wp:attachment":[{"href":"https:\/\/ustakadir.com\/index.php?rest_route=%2Fwp%2Fv2%2Fmedia&parent=27"}],"curies":[{"name":"wp","href":"https:\/\/api.w.org\/{rel}","templated":true}]}}