{"id":51,"date":"2024-01-12T15:08:11","date_gmt":"2024-01-12T15:08:11","guid":{"rendered":"https:\/\/ustakadir.com\/?page_id=51"},"modified":"2024-03-01T06:49:58","modified_gmt":"2024-03-01T06:49:58","slug":"ford","status":"publish","type":"page","link":"https:\/\/ustakadir.com\/?page_id=51","title":{"rendered":"FORD"},"content":{"rendered":"\n<h2 class=\"wp-block-heading has-vivid-cyan-blue-color has-text-color has-link-color has-medium-font-size wp-elements-03f9ac6dd7100fec517e7a2320c695e7\">FOCUS 3\u00a0 2011-2014 <\/h2>\n\n\n\n<ul class=\"wp-block-list\">\n<li>Yoku\u015f Kalk\u0131\u015f Deste\u011fi<\/li>\n\n\n\n<li>Alarm<\/li>\n\n\n\n<li>Lastik Bas\u0131n\u00e7 Uyar\u0131 Sistemi<\/li>\n\n\n\n<li>Hareket Halinde Otomatik Kap\u0131 kilidi<\/li>\n\n\n\n<li>Kumandadan Cam A\u00e7ma-Kapama S\u00fcresi K\u0131saltma<\/li>\n\n\n\n<li>Ani Frende D\u00f6rtl\u00fcler<\/li>\n\n\n\n<li>Kap\u0131 Kilitlemede Korna sesi&nbsp;&nbsp;(2013 ve \u00fczeri)<\/li>\n\n\n\n<li>A\u015f\u0131r\u0131 H\u0131z Uyar\u0131s\u0131<\/li>\n\n\n\n<li>Emniyet Kemeri Uyar\u0131 \u0130ptali (tavsiye etmiyoruz)<\/li>\n\n\n\n<li>Aux Aktivasyonu<\/li>\n\n\n\n<li>Selekt\u00f6r Yap\u0131nca Sislerin Yan\u0131p S\u00f6nmesi.<\/li>\n\n\n\n<li>Led ve Xenon Amp\u00fcllerin Tan\u0131t\u0131lmas\u0131(ilave \u00fccretli)<\/li>\n\n\n\n<li>Arka Kamera Aktivasyonu (ilave \u00fccretli)<\/li>\n<\/ul>\n\n\n\n<h2 class=\"wp-block-heading has-vivid-cyan-blue-color has-text-color has-link-color has-medium-font-size wp-elements-d7f7e7296cafca86e6d02fdcf968fafb\"><strong>FOCUS 3,5 2015+<\/strong><\/h2>\n\n\n\n<ul class=\"wp-block-list\">\n<li>Alarm<\/li>\n\n\n\n<li>Hareket Halinde Otomatik Kap\u0131 kilidi<\/li>\n\n\n\n<li>Kumandadan Cam A\u00e7ma-Kapama S\u00fcresi K\u0131saltma<\/li>\n\n\n\n<li>Ani Frende D\u00f6rtl\u00fcler<\/li>\n\n\n\n<li>Kap\u0131 Kilitlemede Korna sesi&nbsp;&nbsp;(2013 ve \u00fczeri)<\/li>\n\n\n\n<li>A\u015f\u0131r\u0131 H\u0131z Uyar\u0131s\u0131<\/li>\n\n\n\n<li>Emniyet Kemeri Uyar\u0131 \u0130ptali (tavsiye etmiyoruz)<\/li>\n\n\n\n<li>Aux Aktivasyonu<\/li>\n\n\n\n<li>Arka Kamera Aktivasyonu (ilave \u00fccretli)<\/li>\n\n\n\n<li>Led ve Xenon Amp\u00fcllerin Tan\u0131t\u0131lmas\u0131(ilave \u00fccretli)<\/li>\n<\/ul>\n\n\n\n<h2 class=\"wp-block-heading has-vivid-cyan-blue-color has-text-color has-link-color has-medium-font-size wp-elements-f5724c0f39769c4d0c6a5e31bc6a5675\"><strong>FOCUS <\/strong>4<\/h2>\n\n\n\n<ul class=\"wp-block-list\">\n<li>Amerikan park(muayeneden ge\u00e7mez)<\/li>\n\n\n\n<li>Alarm<\/li>\n\n\n\n<li>Kilitte korna<\/li>\n\n\n\n<li>Otomatik Kap\u0131 Kilitleme<\/li>\n\n\n\n<li>D\u00f6n\u00fc\u015fte Sislerin yanmas\u0131<\/li>\n\n\n\n<li>Stoplar\u0131n Sinyallere Senkron Yanmas\u0131\u00a0<\/li>\n<\/ul>\n\n\n\n<h2 class=\"wp-block-heading has-vivid-cyan-blue-color has-text-color has-link-color has-medium-font-size wp-elements-f9b921e0a84dbfff9658ed08eb5519b6\">COUR\u0130ER<\/h2>\n\n\n\n<ul class=\"wp-block-list\">\n<li>\u00a0Alarm<\/li>\n\n\n\n<li>120 km h\u0131z uyar\u0131s\u0131<\/li>\n\n\n\n<li>Sync3 ekrana klima men\u00fcs\u00fc <\/li>\n\n\n\n<li>Hareket Halinde Otomatik Kap\u0131 kilidi<\/li>\n\n\n\n<li>Kumandadan Cam A\u00e7ma-Kapama S\u00fcresi K\u0131saltma (Baz\u0131 Modeller)<\/li>\n\n\n\n<li>Kap\u0131 Kilitlemede Korna sesi (Baz\u0131 Modeller)&nbsp;<\/li>\n\n\n\n<li>Emniyet Kemeri Uyar\u0131 \u0130ptali (tavsiye etmiyoruz)<\/li>\n<\/ul>\n\n\n\n<h2 class=\"wp-block-heading has-vivid-cyan-blue-color has-text-color has-link-color has-medium-font-size wp-elements-68b27c94235271df3e52a9e79f519fc6\">YEN\u0130 KASA TRANS\u0130T \/ CUSTOM<\/h2>\n\n\n\n<ul class=\"wp-block-list\">\n<li>Amerikan Park<\/li>\n\n\n\n<li>Alarm<\/li>\n\n\n\n<li>Kap\u0131 Kilitlemede Korna sesi<\/li>\n\n\n\n<li>D\u00f6n\u00fc\u015fe Duyarl\u0131 Sisler<\/li>\n\n\n\n<li>Stoplar\u0131n Sinyal ile Senkron Yanmas\u0131<\/li>\n\n\n\n<li>Hareket Halinde Video oynatma (Ek \u00fccretli)<\/li>\n<\/ul>\n\n\n\n<h2 class=\"wp-block-heading has-vivid-cyan-blue-color has-text-color has-link-color has-medium-font-size wp-elements-dd27889107c5822ca9857b106ad975e2\">FORD F\u0130ESTA 2015+<\/h2>\n\n\n\n<ul class=\"wp-block-list\">\n<li>Otomatik kap\u0131 kilitleme<\/li>\n\n\n\n<li>A\u015f\u0131r\u0131 h\u0131z uyar\u0131s\u0131<\/li>\n\n\n\n<li>Alarm <\/li>\n\n\n\n<li>Kilitte korna<\/li>\n\n\n\n<li>Kumandadan camlar\u0131n a\u00e7\u0131l\u0131p kapanmas\u0131 (baz\u0131 modeller)<\/li>\n<\/ul>\n\n\n\n<h2 class=\"wp-block-heading has-vivid-cyan-blue-color has-text-color has-link-color has-medium-font-size wp-elements-5cc91ea2fd7f4572db6e1b214233ff64\">FORD MONDEO mk5 2015+<\/h2>\n\n\n\n<ul class=\"wp-block-list\">\n<li>Alarm<\/li>\n\n\n\n<li>Kilitte korna<\/li>\n\n\n\n<li>Kadrana Dijital H\u0131z Ekleme,<\/li>\n\n\n\n<li>D\u00f6n\u00fc\u015fte sisler<\/li>\n\n\n\n<li>Geri viteste sisler<\/li>\n\n\n\n<li>Lastik Bas\u0131nc\u0131n\u0131 PSI olarak kadranda g\u00f6sterme<\/li>\n\n\n\n<li>Hareket Halinde kap\u0131 kilitleme,<\/li>\n\n\n\n<li>Arka ek LED in etkinle\u015ftirilmesi,<\/li>\n<\/ul>\n","protected":false},"excerpt":{"rendered":"<p>FOCUS 3\u00a0 2011-2014 FOCUS 3,5 2015+ FOCUS 4 COUR\u0130ER YEN\u0130 KASA TRANS\u0130T \/ CUSTOM FORD F\u0130ESTA 2015+ FORD MONDEO mk5 2015+<\/p>\n","protected":false},"author":1,"featured_media":0,"parent":0,"menu_order":0,"comment_status":"closed","ping_status":"closed","template":"","meta":{"footnotes":""},"class_list":["post-51","page","type-page","status-publish","hentry"],"yoast_head":"<!-- This site is optimized with the Yoast SEO plugin v26.7 - https:\/\/yoast.com\/wordpress\/plugins\/seo\/ -->\n<title>FORD - Kadir Usta<\/title>\n<meta name=\"robots\" content=\"index, follow, max-snippet:-1, max-image-preview:large, max-video-preview:-1\" \/>\n<link rel=\"canonical\" href=\"https:\/\/ustakadir.com\/?page_id=51\" \/>\n<meta property=\"og:locale\" content=\"tr_TR\" \/>\n<meta property=\"og:type\" content=\"article\" \/>\n<meta property=\"og:title\" content=\"FORD - Kadir Usta\" \/>\n<meta property=\"og:description\" content=\"FOCUS 3\u00a0 2011-2014 FOCUS 3,5 2015+ FOCUS 4 COUR\u0130ER YEN\u0130 KASA TRANS\u0130T \/ CUSTOM FORD F\u0130ESTA 2015+ FORD MONDEO mk5 2015+\" \/>\n<meta property=\"og:url\" content=\"https:\/\/ustakadir.com\/?page_id=51\" \/>\n<meta property=\"og:site_name\" content=\"Kadir Usta\" \/>\n<meta property=\"article:modified_time\" content=\"2024-03-01T06:49:58+00:00\" \/>\n<meta name=\"twitter:card\" content=\"summary_large_image\" \/>\n<meta name=\"twitter:label1\" content=\"Tahmini okuma s\u00fcresi\" \/>\n\t<meta name=\"twitter:data1\" content=\"2 dakika\" \/>\n<script type=\"application\/ld+json\" class=\"yoast-schema-graph\">{\"@context\":\"https:\/\/schema.org\",\"@graph\":[{\"@type\":\"WebPage\",\"@id\":\"https:\/\/ustakadir.com\/?page_id=51\",\"url\":\"https:\/\/ustakadir.com\/?page_id=51\",\"name\":\"FORD - Kadir Usta\",\"isPartOf\":{\"@id\":\"https:\/\/ustakadir.com\/#website\"},\"datePublished\":\"2024-01-12T15:08:11+00:00\",\"dateModified\":\"2024-03-01T06:49:58+00:00\",\"breadcrumb\":{\"@id\":\"https:\/\/ustakadir.com\/?page_id=51#breadcrumb\"},\"inLanguage\":\"tr\",\"potentialAction\":[{\"@type\":\"ReadAction\",\"target\":[\"https:\/\/ustakadir.com\/?page_id=51\"]}]},{\"@type\":\"BreadcrumbList\",\"@id\":\"https:\/\/ustakadir.com\/?page_id=51#breadcrumb\",\"itemListElement\":[{\"@type\":\"ListItem\",\"position\":1,\"name\":\"Anasayfa\",\"item\":\"https:\/\/ustakadir.com\/\"},{\"@type\":\"ListItem\",\"position\":2,\"name\":\"FORD\"}]},{\"@type\":\"WebSite\",\"@id\":\"https:\/\/ustakadir.com\/#website\",\"url\":\"https:\/\/ustakadir.com\/\",\"name\":\"Kadir Usta-Gizli \u00d6zellik Aktivasyon Merkezi\",\"description\":\"Gizli \u00f6zellik aktivasyon merkezi\",\"publisher\":{\"@id\":\"https:\/\/ustakadir.com\/#organization\"},\"potentialAction\":[{\"@type\":\"SearchAction\",\"target\":{\"@type\":\"EntryPoint\",\"urlTemplate\":\"https:\/\/ustakadir.com\/?s={search_term_string}\"},\"query-input\":{\"@type\":\"PropertyValueSpecification\",\"valueRequired\":true,\"valueName\":\"search_term_string\"}}],\"inLanguage\":\"tr\"},{\"@type\":\"Organization\",\"@id\":\"https:\/\/ustakadir.com\/#organization\",\"name\":\"Kadir Usta\",\"url\":\"https:\/\/ustakadir.com\/\",\"logo\":{\"@type\":\"ImageObject\",\"inLanguage\":\"tr\",\"@id\":\"https:\/\/ustakadir.com\/#\/schema\/logo\/image\/\",\"url\":\"https:\/\/ustakadir.com\/wp-content\/uploads\/2024\/01\/S80728-12291503.jpg\",\"contentUrl\":\"https:\/\/ustakadir.com\/wp-content\/uploads\/2024\/01\/S80728-12291503.jpg\",\"width\":496,\"height\":586,\"caption\":\"Kadir Usta\"},\"image\":{\"@id\":\"https:\/\/ustakadir.com\/#\/schema\/logo\/image\/\"},\"sameAs\":[\"https:\/\/www.instagram.com\/ustakadir05\/\",\"https:\/\/www.youtube.com\/channel\/UCEN8obusB5tI5iXOJsOQluA\"]}]}<\/script>\n<!-- \/ Yoast SEO plugin. -->","yoast_head_json":{"title":"FORD - Kadir Usta","robots":{"index":"index","follow":"follow","max-snippet":"max-snippet:-1","max-image-preview":"max-image-preview:large","max-video-preview":"max-video-preview:-1"},"canonical":"https:\/\/ustakadir.com\/?page_id=51","og_locale":"tr_TR","og_type":"article","og_title":"FORD - Kadir Usta","og_description":"FOCUS 3\u00a0 2011-2014 FOCUS 3,5 2015+ FOCUS 4 COUR\u0130ER YEN\u0130 KASA TRANS\u0130T \/ CUSTOM FORD F\u0130ESTA 2015+ FORD MONDEO mk5 2015+","og_url":"https:\/\/ustakadir.com\/?page_id=51","og_site_name":"Kadir Usta","article_modified_time":"2024-03-01T06:49:58+00:00","twitter_card":"summary_large_image","twitter_misc":{"Tahmini okuma s\u00fcresi":"2 dakika"},"schema":{"@context":"https:\/\/schema.org","@graph":[{"@type":"WebPage","@id":"https:\/\/ustakadir.com\/?page_id=51","url":"https:\/\/ustakadir.com\/?page_id=51","name":"FORD - Kadir Usta","isPartOf":{"@id":"https:\/\/ustakadir.com\/#website"},"datePublished":"2024-01-12T15:08:11+00:00","dateModified":"2024-03-01T06:49:58+00:00","breadcrumb":{"@id":"https:\/\/ustakadir.com\/?page_id=51#breadcrumb"},"inLanguage":"tr","potentialAction":[{"@type":"ReadAction","target":["https:\/\/ustakadir.com\/?page_id=51"]}]},{"@type":"BreadcrumbList","@id":"https:\/\/ustakadir.com\/?page_id=51#breadcrumb","itemListElement":[{"@type":"ListItem","position":1,"name":"Anasayfa","item":"https:\/\/ustakadir.com\/"},{"@type":"ListItem","position":2,"name":"FORD"}]},{"@type":"WebSite","@id":"https:\/\/ustakadir.com\/#website","url":"https:\/\/ustakadir.com\/","name":"Kadir Usta-Gizli \u00d6zellik Aktivasyon Merkezi","description":"Gizli \u00f6zellik aktivasyon merkezi","publisher":{"@id":"https:\/\/ustakadir.com\/#organization"},"potentialAction":[{"@type":"SearchAction","target":{"@type":"EntryPoint","urlTemplate":"https:\/\/ustakadir.com\/?s={search_term_string}"},"query-input":{"@type":"PropertyValueSpecification","valueRequired":true,"valueName":"search_term_string"}}],"inLanguage":"tr"},{"@type":"Organization","@id":"https:\/\/ustakadir.com\/#organization","name":"Kadir Usta","url":"https:\/\/ustakadir.com\/","logo":{"@type":"ImageObject","inLanguage":"tr","@id":"https:\/\/ustakadir.com\/#\/schema\/logo\/image\/","url":"https:\/\/ustakadir.com\/wp-content\/uploads\/2024\/01\/S80728-12291503.jpg","contentUrl":"https:\/\/ustakadir.com\/wp-content\/uploads\/2024\/01\/S80728-12291503.jpg","width":496,"height":586,"caption":"Kadir Usta"},"image":{"@id":"https:\/\/ustakadir.com\/#\/schema\/logo\/image\/"},"sameAs":["https:\/\/www.instagram.com\/ustakadir05\/","https:\/\/www.youtube.com\/channel\/UCEN8obusB5tI5iXOJsOQluA"]}]}},"_links":{"self":[{"href":"https:\/\/ustakadir.com\/index.php?rest_route=\/wp\/v2\/pages\/51","targetHints":{"allow":["GET"]}}],"collection":[{"href":"https:\/\/ustakadir.com\/index.php?rest_route=\/wp\/v2\/pages"}],"about":[{"href":"https:\/\/ustakadir.com\/index.php?rest_route=\/wp\/v2\/types\/page"}],"author":[{"embeddable":true,"href":"https:\/\/ustakadir.com\/index.php?rest_route=\/wp\/v2\/users\/1"}],"replies":[{"embeddable":true,"href":"https:\/\/ustakadir.com\/index.php?rest_route=%2Fwp%2Fv2%2Fcomments&post=51"}],"version-history":[{"count":3,"href":"https:\/\/ustakadir.com\/index.php?rest_route=\/wp\/v2\/pages\/51\/revisions"}],"predecessor-version":[{"id":114,"href":"https:\/\/ustakadir.com\/index.php?rest_route=\/wp\/v2\/pages\/51\/revisions\/114"}],"wp:attachment":[{"href":"https:\/\/ustakadir.com\/index.php?rest_route=%2Fwp%2Fv2%2Fmedia&parent=51"}],"curies":[{"name":"wp","href":"https:\/\/api.w.org\/{rel}","templated":true}]}}