{"id":63,"date":"2024-01-15T13:36:27","date_gmt":"2024-01-15T13:36:27","guid":{"rendered":"https:\/\/ustakadir.com\/?page_id=63"},"modified":"2024-01-15T13:49:14","modified_gmt":"2024-01-15T13:49:14","slug":"renault-symbol-dacia-duster-sandero-lodgy-dokker-logan-logan-mcv","status":"publish","type":"page","link":"https:\/\/ustakadir.com\/?page_id=63","title":{"rendered":"H\u0131z Sabitleme ve Limitleme"},"content":{"rendered":"\n<p class=\"has-vivid-cyan-blue-color has-text-color has-link-color wp-elements-bfe3a9de0bacd4797685a9e3adc16923\">Renault Symbol, Dacia Duster, Sandero, Lodgy, Dokker, Logan, Logan mcv<\/p>\n\n\n\n<p class=\"has-vivid-cyan-blue-color has-text-color has-link-color wp-elements-3eefcbc79464c287d5be18ad85e092d7\">2013 model ve \u00fczeri modellerde arac\u0131n\u0131z\u0131n alt yap\u0131s\u0131 (tesisat) olsun-olmas\u0131n h\u0131z sabitleyici yap\u0131yoruz<\/p>\n\n\n\n<figure class=\"wp-block-image size-full is-resized\"><img loading=\"lazy\" decoding=\"async\" width=\"586\" height=\"440\" src=\"https:\/\/ustakadir.com\/wp-content\/uploads\/2024\/01\/InShot_20191130_181127316-edited.jpg\" alt=\"\" class=\"wp-image-65\" style=\"width:583px;height:auto\" srcset=\"https:\/\/ustakadir.com\/wp-content\/uploads\/2024\/01\/InShot_20191130_181127316-edited.jpg 586w, https:\/\/ustakadir.com\/wp-content\/uploads\/2024\/01\/InShot_20191130_181127316-edited-300x225.jpg 300w\" sizes=\"auto, (max-width: 586px) 100vw, 586px\" \/><\/figure>\n\n\n\n<figure class=\"wp-block-image size-full\"><img loading=\"lazy\" decoding=\"async\" width=\"586\" height=\"440\" src=\"https:\/\/ustakadir.com\/wp-content\/uploads\/2024\/01\/InShot_20200105_235918087-edited.jpg\" alt=\"\" class=\"wp-image-67\" srcset=\"https:\/\/ustakadir.com\/wp-content\/uploads\/2024\/01\/InShot_20200105_235918087-edited.jpg 586w, https:\/\/ustakadir.com\/wp-content\/uploads\/2024\/01\/InShot_20200105_235918087-edited-300x225.jpg 300w\" sizes=\"auto, (max-width: 586px) 100vw, 586px\" \/><\/figure>\n\n\n\n<hr class=\"wp-block-separator has-alpha-channel-opacity\"\/>\n\n\n\n<p>Youtube videomuzdan detaylara bakabilirsiniz<\/p>\n\n\n\n<figure class=\"wp-block-embed is-type-video is-provider-youtube wp-block-embed-youtube wp-embed-aspect-16-9 wp-has-aspect-ratio\"><div class=\"wp-block-embed__wrapper\">\n<div class='embed-container'><iframe loading=\"lazy\" title=\"H\u0131z Sabitleyici Tak\u0131yoruz..Renault-Dacia Modelleri\" width=\"1920\" height=\"1080\" src=\"https:\/\/www.youtube.com\/embed\/_hCy863SP1c?feature=oembed\" frameborder=\"0\" allow=\"accelerometer; autoplay; clipboard-write; encrypted-media; gyroscope; picture-in-picture; web-share\" allowfullscreen><\/iframe><\/div>\n<\/div><\/figure>\n","protected":false},"excerpt":{"rendered":"<p>Renault Symbol, Dacia Duster, Sandero, Lodgy, Dokker, Logan, Logan mcv 2013 model ve \u00fczeri modellerde arac\u0131n\u0131z\u0131n alt yap\u0131s\u0131 (tesisat) olsun-olmas\u0131n h\u0131z sabitleyici yap\u0131yoruz Youtube videomuzdan detaylara bakabilirsiniz<\/p>\n","protected":false},"author":1,"featured_media":0,"parent":0,"menu_order":0,"comment_status":"closed","ping_status":"closed","template":"","meta":{"footnotes":""},"class_list":["post-63","page","type-page","status-publish","hentry"],"yoast_head":"<!-- This site is optimized with the Yoast SEO plugin v26.7 - https:\/\/yoast.com\/wordpress\/plugins\/seo\/ -->\n<title>H\u0131z Sabitleme ve Limitleme - Kadir Usta<\/title>\n<meta name=\"robots\" content=\"index, follow, max-snippet:-1, max-image-preview:large, max-video-preview:-1\" \/>\n<link rel=\"canonical\" href=\"https:\/\/ustakadir.com\/?page_id=63\" \/>\n<meta property=\"og:locale\" content=\"tr_TR\" \/>\n<meta property=\"og:type\" content=\"article\" \/>\n<meta property=\"og:title\" content=\"H\u0131z Sabitleme ve Limitleme - Kadir Usta\" \/>\n<meta property=\"og:description\" content=\"Renault Symbol, Dacia Duster, Sandero, Lodgy, Dokker, Logan, Logan mcv 2013 model ve \u00fczeri modellerde arac\u0131n\u0131z\u0131n alt yap\u0131s\u0131 (tesisat) olsun-olmas\u0131n h\u0131z sabitleyici yap\u0131yoruz Youtube videomuzdan detaylara bakabilirsiniz\" \/>\n<meta property=\"og:url\" content=\"https:\/\/ustakadir.com\/?page_id=63\" \/>\n<meta property=\"og:site_name\" content=\"Kadir Usta\" \/>\n<meta property=\"article:modified_time\" content=\"2024-01-15T13:49:14+00:00\" \/>\n<meta property=\"og:image\" content=\"https:\/\/ustakadir.com\/wp-content\/uploads\/2024\/01\/InShot_20191130_181127316-edited.jpg\" \/>\n<meta name=\"twitter:card\" content=\"summary_large_image\" \/>\n<script type=\"application\/ld+json\" class=\"yoast-schema-graph\">{\"@context\":\"https:\/\/schema.org\",\"@graph\":[{\"@type\":\"WebPage\",\"@id\":\"https:\/\/ustakadir.com\/?page_id=63\",\"url\":\"https:\/\/ustakadir.com\/?page_id=63\",\"name\":\"H\u0131z Sabitleme ve Limitleme - Kadir Usta\",\"isPartOf\":{\"@id\":\"https:\/\/ustakadir.com\/#website\"},\"primaryImageOfPage\":{\"@id\":\"https:\/\/ustakadir.com\/?page_id=63#primaryimage\"},\"image\":{\"@id\":\"https:\/\/ustakadir.com\/?page_id=63#primaryimage\"},\"thumbnailUrl\":\"https:\/\/ustakadir.com\/wp-content\/uploads\/2024\/01\/InShot_20191130_181127316-edited.jpg\",\"datePublished\":\"2024-01-15T13:36:27+00:00\",\"dateModified\":\"2024-01-15T13:49:14+00:00\",\"breadcrumb\":{\"@id\":\"https:\/\/ustakadir.com\/?page_id=63#breadcrumb\"},\"inLanguage\":\"tr\",\"potentialAction\":[{\"@type\":\"ReadAction\",\"target\":[\"https:\/\/ustakadir.com\/?page_id=63\"]}]},{\"@type\":\"ImageObject\",\"inLanguage\":\"tr\",\"@id\":\"https:\/\/ustakadir.com\/?page_id=63#primaryimage\",\"url\":\"https:\/\/ustakadir.com\/wp-content\/uploads\/2024\/01\/InShot_20191130_181127316-edited.jpg\",\"contentUrl\":\"https:\/\/ustakadir.com\/wp-content\/uploads\/2024\/01\/InShot_20191130_181127316-edited.jpg\",\"width\":586,\"height\":440},{\"@type\":\"BreadcrumbList\",\"@id\":\"https:\/\/ustakadir.com\/?page_id=63#breadcrumb\",\"itemListElement\":[{\"@type\":\"ListItem\",\"position\":1,\"name\":\"Anasayfa\",\"item\":\"https:\/\/ustakadir.com\/\"},{\"@type\":\"ListItem\",\"position\":2,\"name\":\"H\u0131z Sabitleme ve Limitleme\"}]},{\"@type\":\"WebSite\",\"@id\":\"https:\/\/ustakadir.com\/#website\",\"url\":\"https:\/\/ustakadir.com\/\",\"name\":\"Kadir Usta-Gizli \u00d6zellik Aktivasyon Merkezi\",\"description\":\"Gizli \u00f6zellik aktivasyon merkezi\",\"publisher\":{\"@id\":\"https:\/\/ustakadir.com\/#organization\"},\"potentialAction\":[{\"@type\":\"SearchAction\",\"target\":{\"@type\":\"EntryPoint\",\"urlTemplate\":\"https:\/\/ustakadir.com\/?s={search_term_string}\"},\"query-input\":{\"@type\":\"PropertyValueSpecification\",\"valueRequired\":true,\"valueName\":\"search_term_string\"}}],\"inLanguage\":\"tr\"},{\"@type\":\"Organization\",\"@id\":\"https:\/\/ustakadir.com\/#organization\",\"name\":\"Kadir Usta\",\"url\":\"https:\/\/ustakadir.com\/\",\"logo\":{\"@type\":\"ImageObject\",\"inLanguage\":\"tr\",\"@id\":\"https:\/\/ustakadir.com\/#\/schema\/logo\/image\/\",\"url\":\"https:\/\/ustakadir.com\/wp-content\/uploads\/2024\/01\/S80728-12291503.jpg\",\"contentUrl\":\"https:\/\/ustakadir.com\/wp-content\/uploads\/2024\/01\/S80728-12291503.jpg\",\"width\":496,\"height\":586,\"caption\":\"Kadir Usta\"},\"image\":{\"@id\":\"https:\/\/ustakadir.com\/#\/schema\/logo\/image\/\"},\"sameAs\":[\"https:\/\/www.instagram.com\/ustakadir05\/\",\"https:\/\/www.youtube.com\/channel\/UCEN8obusB5tI5iXOJsOQluA\"]}]}<\/script>\n<!-- \/ Yoast SEO plugin. -->","yoast_head_json":{"title":"H\u0131z Sabitleme ve Limitleme - Kadir Usta","robots":{"index":"index","follow":"follow","max-snippet":"max-snippet:-1","max-image-preview":"max-image-preview:large","max-video-preview":"max-video-preview:-1"},"canonical":"https:\/\/ustakadir.com\/?page_id=63","og_locale":"tr_TR","og_type":"article","og_title":"H\u0131z Sabitleme ve Limitleme - Kadir Usta","og_description":"Renault Symbol, Dacia Duster, Sandero, Lodgy, Dokker, Logan, Logan mcv 2013 model ve \u00fczeri modellerde arac\u0131n\u0131z\u0131n alt yap\u0131s\u0131 (tesisat) olsun-olmas\u0131n h\u0131z sabitleyici yap\u0131yoruz Youtube videomuzdan detaylara bakabilirsiniz","og_url":"https:\/\/ustakadir.com\/?page_id=63","og_site_name":"Kadir Usta","article_modified_time":"2024-01-15T13:49:14+00:00","og_image":[{"url":"https:\/\/ustakadir.com\/wp-content\/uploads\/2024\/01\/InShot_20191130_181127316-edited.jpg","type":"","width":"","height":""}],"twitter_card":"summary_large_image","schema":{"@context":"https:\/\/schema.org","@graph":[{"@type":"WebPage","@id":"https:\/\/ustakadir.com\/?page_id=63","url":"https:\/\/ustakadir.com\/?page_id=63","name":"H\u0131z Sabitleme ve Limitleme - Kadir Usta","isPartOf":{"@id":"https:\/\/ustakadir.com\/#website"},"primaryImageOfPage":{"@id":"https:\/\/ustakadir.com\/?page_id=63#primaryimage"},"image":{"@id":"https:\/\/ustakadir.com\/?page_id=63#primaryimage"},"thumbnailUrl":"https:\/\/ustakadir.com\/wp-content\/uploads\/2024\/01\/InShot_20191130_181127316-edited.jpg","datePublished":"2024-01-15T13:36:27+00:00","dateModified":"2024-01-15T13:49:14+00:00","breadcrumb":{"@id":"https:\/\/ustakadir.com\/?page_id=63#breadcrumb"},"inLanguage":"tr","potentialAction":[{"@type":"ReadAction","target":["https:\/\/ustakadir.com\/?page_id=63"]}]},{"@type":"ImageObject","inLanguage":"tr","@id":"https:\/\/ustakadir.com\/?page_id=63#primaryimage","url":"https:\/\/ustakadir.com\/wp-content\/uploads\/2024\/01\/InShot_20191130_181127316-edited.jpg","contentUrl":"https:\/\/ustakadir.com\/wp-content\/uploads\/2024\/01\/InShot_20191130_181127316-edited.jpg","width":586,"height":440},{"@type":"BreadcrumbList","@id":"https:\/\/ustakadir.com\/?page_id=63#breadcrumb","itemListElement":[{"@type":"ListItem","position":1,"name":"Anasayfa","item":"https:\/\/ustakadir.com\/"},{"@type":"ListItem","position":2,"name":"H\u0131z Sabitleme ve Limitleme"}]},{"@type":"WebSite","@id":"https:\/\/ustakadir.com\/#website","url":"https:\/\/ustakadir.com\/","name":"Kadir Usta-Gizli \u00d6zellik Aktivasyon Merkezi","description":"Gizli \u00f6zellik aktivasyon merkezi","publisher":{"@id":"https:\/\/ustakadir.com\/#organization"},"potentialAction":[{"@type":"SearchAction","target":{"@type":"EntryPoint","urlTemplate":"https:\/\/ustakadir.com\/?s={search_term_string}"},"query-input":{"@type":"PropertyValueSpecification","valueRequired":true,"valueName":"search_term_string"}}],"inLanguage":"tr"},{"@type":"Organization","@id":"https:\/\/ustakadir.com\/#organization","name":"Kadir Usta","url":"https:\/\/ustakadir.com\/","logo":{"@type":"ImageObject","inLanguage":"tr","@id":"https:\/\/ustakadir.com\/#\/schema\/logo\/image\/","url":"https:\/\/ustakadir.com\/wp-content\/uploads\/2024\/01\/S80728-12291503.jpg","contentUrl":"https:\/\/ustakadir.com\/wp-content\/uploads\/2024\/01\/S80728-12291503.jpg","width":496,"height":586,"caption":"Kadir Usta"},"image":{"@id":"https:\/\/ustakadir.com\/#\/schema\/logo\/image\/"},"sameAs":["https:\/\/www.instagram.com\/ustakadir05\/","https:\/\/www.youtube.com\/channel\/UCEN8obusB5tI5iXOJsOQluA"]}]}},"_links":{"self":[{"href":"https:\/\/ustakadir.com\/index.php?rest_route=\/wp\/v2\/pages\/63","targetHints":{"allow":["GET"]}}],"collection":[{"href":"https:\/\/ustakadir.com\/index.php?rest_route=\/wp\/v2\/pages"}],"about":[{"href":"https:\/\/ustakadir.com\/index.php?rest_route=\/wp\/v2\/types\/page"}],"author":[{"embeddable":true,"href":"https:\/\/ustakadir.com\/index.php?rest_route=\/wp\/v2\/users\/1"}],"replies":[{"embeddable":true,"href":"https:\/\/ustakadir.com\/index.php?rest_route=%2Fwp%2Fv2%2Fcomments&post=63"}],"version-history":[{"count":3,"href":"https:\/\/ustakadir.com\/index.php?rest_route=\/wp\/v2\/pages\/63\/revisions"}],"predecessor-version":[{"id":77,"href":"https:\/\/ustakadir.com\/index.php?rest_route=\/wp\/v2\/pages\/63\/revisions\/77"}],"wp:attachment":[{"href":"https:\/\/ustakadir.com\/index.php?rest_route=%2Fwp%2Fv2%2Fmedia&parent=63"}],"curies":[{"name":"wp","href":"https:\/\/api.w.org\/{rel}","templated":true}]}}