{"id":89,"date":"2024-02-06T06:29:09","date_gmt":"2024-02-06T06:29:09","guid":{"rendered":"https:\/\/ustakadir.com\/?page_id=89"},"modified":"2024-02-06T07:44:46","modified_gmt":"2024-02-06T07:44:46","slug":"hayalet-kadran-parca-donanim-kodlama","status":"publish","type":"page","link":"https:\/\/ustakadir.com\/?page_id=89","title":{"rendered":"Hayalet Kadran-Par\u00e7a-Donan\u0131m Kodlama"},"content":{"rendered":"\n<p>Sonradan araca ilave edilen par\u00e7alar\u0131n kodlanmas\u0131 veya mevcuttaki par\u00e7alar\u0131n yeniden programlanmas\u0131<\/p>\n\n\n\n<p>\u00d6rnek donan\u0131m eklemeler ve kodlanm\u0131\u015f halleri<\/p>\n\n\n\n<p>Adaptif h\u0131z sabitleme, \u015ferit takip, acil fren destek sistemi, tabela okuma vb.<\/p>\n\n\n\n<p>Carplay uyumlu rlink2 montaj ve kodlamas\u0131<\/p>\n\n\n\n<p>Beyni ar\u0131zalanan rlink2 nin kodlamas\u0131<\/p>\n\n\n\n<hr class=\"wp-block-separator has-alpha-channel-opacity\"\/>\n\n\n\n<figure class=\"wp-block-gallery has-nested-images columns-default is-cropped wp-block-gallery-1 is-layout-flex wp-block-gallery-is-layout-flex\">\n<figure class=\"wp-block-image size-large\"><img loading=\"lazy\" decoding=\"async\" width=\"781\" height=\"586\" data-id=\"102\" src=\"https:\/\/ustakadir.com\/wp-content\/uploads\/2024\/02\/6e4bd266-2017-4002-afed-9325bf709a33.jpg\" alt=\"\" class=\"wp-image-102\" srcset=\"https:\/\/ustakadir.com\/wp-content\/uploads\/2024\/02\/6e4bd266-2017-4002-afed-9325bf709a33.jpg 781w, https:\/\/ustakadir.com\/wp-content\/uploads\/2024\/02\/6e4bd266-2017-4002-afed-9325bf709a33-300x225.jpg 300w, https:\/\/ustakadir.com\/wp-content\/uploads\/2024\/02\/6e4bd266-2017-4002-afed-9325bf709a33-768x576.jpg 768w\" sizes=\"auto, (max-width: 781px) 100vw, 781px\" \/><\/figure>\n\n\n\n<figure class=\"wp-block-image size-large\"><img loading=\"lazy\" decoding=\"async\" width=\"1024\" height=\"768\" data-id=\"104\" src=\"https:\/\/ustakadir.com\/wp-content\/uploads\/2024\/02\/396aa404-3119-4aea-bc1f-c22601adf025-1024x768.jpg\" alt=\"\" class=\"wp-image-104\" srcset=\"https:\/\/ustakadir.com\/wp-content\/uploads\/2024\/02\/396aa404-3119-4aea-bc1f-c22601adf025-1024x768.jpg 1024w, https:\/\/ustakadir.com\/wp-content\/uploads\/2024\/02\/396aa404-3119-4aea-bc1f-c22601adf025-300x225.jpg 300w, https:\/\/ustakadir.com\/wp-content\/uploads\/2024\/02\/396aa404-3119-4aea-bc1f-c22601adf025-768x576.jpg 768w, https:\/\/ustakadir.com\/wp-content\/uploads\/2024\/02\/396aa404-3119-4aea-bc1f-c22601adf025-1536x1152.jpg 1536w, https:\/\/ustakadir.com\/wp-content\/uploads\/2024\/02\/396aa404-3119-4aea-bc1f-c22601adf025-1440x1080.jpg 1440w, https:\/\/ustakadir.com\/wp-content\/uploads\/2024\/02\/396aa404-3119-4aea-bc1f-c22601adf025.jpg 2000w\" sizes=\"auto, (max-width: 1024px) 100vw, 1024px\" \/><\/figure>\n\n\n\n<figure class=\"wp-block-image size-large\"><img loading=\"lazy\" decoding=\"async\" width=\"781\" height=\"586\" data-id=\"105\" src=\"https:\/\/ustakadir.com\/wp-content\/uploads\/2024\/02\/807b7452-a6b0-4183-b5bc-b943f39cccce.jpg\" alt=\"\" class=\"wp-image-105\" srcset=\"https:\/\/ustakadir.com\/wp-content\/uploads\/2024\/02\/807b7452-a6b0-4183-b5bc-b943f39cccce.jpg 781w, https:\/\/ustakadir.com\/wp-content\/uploads\/2024\/02\/807b7452-a6b0-4183-b5bc-b943f39cccce-300x225.jpg 300w, https:\/\/ustakadir.com\/wp-content\/uploads\/2024\/02\/807b7452-a6b0-4183-b5bc-b943f39cccce-768x576.jpg 768w\" sizes=\"auto, (max-width: 781px) 100vw, 781px\" \/><\/figure>\n\n\n\n<figure class=\"wp-block-image size-large\"><img loading=\"lazy\" decoding=\"async\" width=\"440\" height=\"586\" data-id=\"103\" src=\"https:\/\/ustakadir.com\/wp-content\/uploads\/2024\/02\/d6352de6-cca0-435b-948b-337e9e3a1e4a.jpg\" alt=\"\" class=\"wp-image-103\" srcset=\"https:\/\/ustakadir.com\/wp-content\/uploads\/2024\/02\/d6352de6-cca0-435b-948b-337e9e3a1e4a.jpg 440w, https:\/\/ustakadir.com\/wp-content\/uploads\/2024\/02\/d6352de6-cca0-435b-948b-337e9e3a1e4a-225x300.jpg 225w\" sizes=\"auto, (max-width: 440px) 100vw, 440px\" \/><\/figure>\n\n\n\n<figure class=\"wp-block-image size-large\"><img loading=\"lazy\" decoding=\"async\" width=\"781\" height=\"586\" data-id=\"106\" src=\"https:\/\/ustakadir.com\/wp-content\/uploads\/2024\/02\/d8449d25-9e67-4115-9713-7c8841bb2f43.jpg\" alt=\"\" class=\"wp-image-106\" srcset=\"https:\/\/ustakadir.com\/wp-content\/uploads\/2024\/02\/d8449d25-9e67-4115-9713-7c8841bb2f43.jpg 781w, https:\/\/ustakadir.com\/wp-content\/uploads\/2024\/02\/d8449d25-9e67-4115-9713-7c8841bb2f43-300x225.jpg 300w, https:\/\/ustakadir.com\/wp-content\/uploads\/2024\/02\/d8449d25-9e67-4115-9713-7c8841bb2f43-768x576.jpg 768w\" sizes=\"auto, (max-width: 781px) 100vw, 781px\" \/><\/figure>\n<\/figure>\n","protected":false},"excerpt":{"rendered":"<p>Sonradan araca ilave edilen par\u00e7alar\u0131n kodlanmas\u0131 veya mevcuttaki par\u00e7alar\u0131n yeniden programlanmas\u0131 \u00d6rnek donan\u0131m eklemeler ve kodlanm\u0131\u015f halleri Adaptif h\u0131z sabitleme, \u015ferit takip, acil fren destek sistemi, tabela okuma vb. Carplay uyumlu rlink2 montaj ve kodlamas\u0131 Beyni ar\u0131zalanan rlink2 nin kodlamas\u0131<\/p>\n","protected":false},"author":1,"featured_media":0,"parent":0,"menu_order":0,"comment_status":"closed","ping_status":"closed","template":"","meta":{"footnotes":""},"class_list":["post-89","page","type-page","status-publish","hentry"],"yoast_head":"<!-- This site is optimized with the Yoast SEO plugin v26.7 - https:\/\/yoast.com\/wordpress\/plugins\/seo\/ -->\n<title>Hayalet Kadran-Par\u00e7a-Donan\u0131m Kodlama - Kadir Usta<\/title>\n<meta name=\"robots\" content=\"index, follow, max-snippet:-1, max-image-preview:large, max-video-preview:-1\" \/>\n<link rel=\"canonical\" href=\"https:\/\/ustakadir.com\/?page_id=89\" \/>\n<meta property=\"og:locale\" content=\"tr_TR\" \/>\n<meta property=\"og:type\" content=\"article\" \/>\n<meta property=\"og:title\" content=\"Hayalet Kadran-Par\u00e7a-Donan\u0131m Kodlama - Kadir Usta\" \/>\n<meta property=\"og:description\" content=\"Sonradan araca ilave edilen par\u00e7alar\u0131n kodlanmas\u0131 veya mevcuttaki par\u00e7alar\u0131n yeniden programlanmas\u0131 \u00d6rnek donan\u0131m eklemeler ve kodlanm\u0131\u015f halleri Adaptif h\u0131z sabitleme, \u015ferit takip, acil fren destek sistemi, tabela okuma vb. Carplay uyumlu rlink2 montaj ve kodlamas\u0131 Beyni ar\u0131zalanan rlink2 nin kodlamas\u0131\" \/>\n<meta property=\"og:url\" content=\"https:\/\/ustakadir.com\/?page_id=89\" \/>\n<meta property=\"og:site_name\" content=\"Kadir Usta\" \/>\n<meta property=\"article:modified_time\" content=\"2024-02-06T07:44:46+00:00\" \/>\n<meta property=\"og:image\" content=\"https:\/\/ustakadir.com\/wp-content\/uploads\/2024\/02\/6e4bd266-2017-4002-afed-9325bf709a33.jpg\" \/>\n<meta name=\"twitter:card\" content=\"summary_large_image\" \/>\n<meta name=\"twitter:label1\" content=\"Tahmini okuma s\u00fcresi\" \/>\n\t<meta name=\"twitter:data1\" content=\"2 dakika\" \/>\n<script type=\"application\/ld+json\" class=\"yoast-schema-graph\">{\"@context\":\"https:\/\/schema.org\",\"@graph\":[{\"@type\":\"WebPage\",\"@id\":\"https:\/\/ustakadir.com\/?page_id=89\",\"url\":\"https:\/\/ustakadir.com\/?page_id=89\",\"name\":\"Hayalet Kadran-Par\u00e7a-Donan\u0131m Kodlama - Kadir Usta\",\"isPartOf\":{\"@id\":\"https:\/\/ustakadir.com\/#website\"},\"primaryImageOfPage\":{\"@id\":\"https:\/\/ustakadir.com\/?page_id=89#primaryimage\"},\"image\":{\"@id\":\"https:\/\/ustakadir.com\/?page_id=89#primaryimage\"},\"thumbnailUrl\":\"https:\/\/ustakadir.com\/wp-content\/uploads\/2024\/02\/6e4bd266-2017-4002-afed-9325bf709a33.jpg\",\"datePublished\":\"2024-02-06T06:29:09+00:00\",\"dateModified\":\"2024-02-06T07:44:46+00:00\",\"breadcrumb\":{\"@id\":\"https:\/\/ustakadir.com\/?page_id=89#breadcrumb\"},\"inLanguage\":\"tr\",\"potentialAction\":[{\"@type\":\"ReadAction\",\"target\":[\"https:\/\/ustakadir.com\/?page_id=89\"]}]},{\"@type\":\"ImageObject\",\"inLanguage\":\"tr\",\"@id\":\"https:\/\/ustakadir.com\/?page_id=89#primaryimage\",\"url\":\"https:\/\/ustakadir.com\/wp-content\/uploads\/2024\/02\/6e4bd266-2017-4002-afed-9325bf709a33.jpg\",\"contentUrl\":\"https:\/\/ustakadir.com\/wp-content\/uploads\/2024\/02\/6e4bd266-2017-4002-afed-9325bf709a33.jpg\",\"width\":781,\"height\":586},{\"@type\":\"BreadcrumbList\",\"@id\":\"https:\/\/ustakadir.com\/?page_id=89#breadcrumb\",\"itemListElement\":[{\"@type\":\"ListItem\",\"position\":1,\"name\":\"Anasayfa\",\"item\":\"https:\/\/ustakadir.com\/\"},{\"@type\":\"ListItem\",\"position\":2,\"name\":\"Hayalet Kadran-Par\u00e7a-Donan\u0131m Kodlama\"}]},{\"@type\":\"WebSite\",\"@id\":\"https:\/\/ustakadir.com\/#website\",\"url\":\"https:\/\/ustakadir.com\/\",\"name\":\"Kadir Usta-Gizli \u00d6zellik Aktivasyon Merkezi\",\"description\":\"Gizli \u00f6zellik aktivasyon merkezi\",\"publisher\":{\"@id\":\"https:\/\/ustakadir.com\/#organization\"},\"potentialAction\":[{\"@type\":\"SearchAction\",\"target\":{\"@type\":\"EntryPoint\",\"urlTemplate\":\"https:\/\/ustakadir.com\/?s={search_term_string}\"},\"query-input\":{\"@type\":\"PropertyValueSpecification\",\"valueRequired\":true,\"valueName\":\"search_term_string\"}}],\"inLanguage\":\"tr\"},{\"@type\":\"Organization\",\"@id\":\"https:\/\/ustakadir.com\/#organization\",\"name\":\"Kadir Usta\",\"url\":\"https:\/\/ustakadir.com\/\",\"logo\":{\"@type\":\"ImageObject\",\"inLanguage\":\"tr\",\"@id\":\"https:\/\/ustakadir.com\/#\/schema\/logo\/image\/\",\"url\":\"https:\/\/ustakadir.com\/wp-content\/uploads\/2024\/01\/S80728-12291503.jpg\",\"contentUrl\":\"https:\/\/ustakadir.com\/wp-content\/uploads\/2024\/01\/S80728-12291503.jpg\",\"width\":496,\"height\":586,\"caption\":\"Kadir Usta\"},\"image\":{\"@id\":\"https:\/\/ustakadir.com\/#\/schema\/logo\/image\/\"},\"sameAs\":[\"https:\/\/www.instagram.com\/ustakadir05\/\",\"https:\/\/www.youtube.com\/channel\/UCEN8obusB5tI5iXOJsOQluA\"]}]}<\/script>\n<!-- \/ Yoast SEO plugin. -->","yoast_head_json":{"title":"Hayalet Kadran-Par\u00e7a-Donan\u0131m Kodlama - Kadir Usta","robots":{"index":"index","follow":"follow","max-snippet":"max-snippet:-1","max-image-preview":"max-image-preview:large","max-video-preview":"max-video-preview:-1"},"canonical":"https:\/\/ustakadir.com\/?page_id=89","og_locale":"tr_TR","og_type":"article","og_title":"Hayalet Kadran-Par\u00e7a-Donan\u0131m Kodlama - Kadir Usta","og_description":"Sonradan araca ilave edilen par\u00e7alar\u0131n kodlanmas\u0131 veya mevcuttaki par\u00e7alar\u0131n yeniden programlanmas\u0131 \u00d6rnek donan\u0131m eklemeler ve kodlanm\u0131\u015f halleri Adaptif h\u0131z sabitleme, \u015ferit takip, acil fren destek sistemi, tabela okuma vb. Carplay uyumlu rlink2 montaj ve kodlamas\u0131 Beyni ar\u0131zalanan rlink2 nin kodlamas\u0131","og_url":"https:\/\/ustakadir.com\/?page_id=89","og_site_name":"Kadir Usta","article_modified_time":"2024-02-06T07:44:46+00:00","og_image":[{"url":"https:\/\/ustakadir.com\/wp-content\/uploads\/2024\/02\/6e4bd266-2017-4002-afed-9325bf709a33.jpg","type":"","width":"","height":""}],"twitter_card":"summary_large_image","twitter_misc":{"Tahmini okuma s\u00fcresi":"2 dakika"},"schema":{"@context":"https:\/\/schema.org","@graph":[{"@type":"WebPage","@id":"https:\/\/ustakadir.com\/?page_id=89","url":"https:\/\/ustakadir.com\/?page_id=89","name":"Hayalet Kadran-Par\u00e7a-Donan\u0131m Kodlama - Kadir Usta","isPartOf":{"@id":"https:\/\/ustakadir.com\/#website"},"primaryImageOfPage":{"@id":"https:\/\/ustakadir.com\/?page_id=89#primaryimage"},"image":{"@id":"https:\/\/ustakadir.com\/?page_id=89#primaryimage"},"thumbnailUrl":"https:\/\/ustakadir.com\/wp-content\/uploads\/2024\/02\/6e4bd266-2017-4002-afed-9325bf709a33.jpg","datePublished":"2024-02-06T06:29:09+00:00","dateModified":"2024-02-06T07:44:46+00:00","breadcrumb":{"@id":"https:\/\/ustakadir.com\/?page_id=89#breadcrumb"},"inLanguage":"tr","potentialAction":[{"@type":"ReadAction","target":["https:\/\/ustakadir.com\/?page_id=89"]}]},{"@type":"ImageObject","inLanguage":"tr","@id":"https:\/\/ustakadir.com\/?page_id=89#primaryimage","url":"https:\/\/ustakadir.com\/wp-content\/uploads\/2024\/02\/6e4bd266-2017-4002-afed-9325bf709a33.jpg","contentUrl":"https:\/\/ustakadir.com\/wp-content\/uploads\/2024\/02\/6e4bd266-2017-4002-afed-9325bf709a33.jpg","width":781,"height":586},{"@type":"BreadcrumbList","@id":"https:\/\/ustakadir.com\/?page_id=89#breadcrumb","itemListElement":[{"@type":"ListItem","position":1,"name":"Anasayfa","item":"https:\/\/ustakadir.com\/"},{"@type":"ListItem","position":2,"name":"Hayalet Kadran-Par\u00e7a-Donan\u0131m Kodlama"}]},{"@type":"WebSite","@id":"https:\/\/ustakadir.com\/#website","url":"https:\/\/ustakadir.com\/","name":"Kadir Usta-Gizli \u00d6zellik Aktivasyon Merkezi","description":"Gizli \u00f6zellik aktivasyon merkezi","publisher":{"@id":"https:\/\/ustakadir.com\/#organization"},"potentialAction":[{"@type":"SearchAction","target":{"@type":"EntryPoint","urlTemplate":"https:\/\/ustakadir.com\/?s={search_term_string}"},"query-input":{"@type":"PropertyValueSpecification","valueRequired":true,"valueName":"search_term_string"}}],"inLanguage":"tr"},{"@type":"Organization","@id":"https:\/\/ustakadir.com\/#organization","name":"Kadir Usta","url":"https:\/\/ustakadir.com\/","logo":{"@type":"ImageObject","inLanguage":"tr","@id":"https:\/\/ustakadir.com\/#\/schema\/logo\/image\/","url":"https:\/\/ustakadir.com\/wp-content\/uploads\/2024\/01\/S80728-12291503.jpg","contentUrl":"https:\/\/ustakadir.com\/wp-content\/uploads\/2024\/01\/S80728-12291503.jpg","width":496,"height":586,"caption":"Kadir Usta"},"image":{"@id":"https:\/\/ustakadir.com\/#\/schema\/logo\/image\/"},"sameAs":["https:\/\/www.instagram.com\/ustakadir05\/","https:\/\/www.youtube.com\/channel\/UCEN8obusB5tI5iXOJsOQluA"]}]}},"_links":{"self":[{"href":"https:\/\/ustakadir.com\/index.php?rest_route=\/wp\/v2\/pages\/89","targetHints":{"allow":["GET"]}}],"collection":[{"href":"https:\/\/ustakadir.com\/index.php?rest_route=\/wp\/v2\/pages"}],"about":[{"href":"https:\/\/ustakadir.com\/index.php?rest_route=\/wp\/v2\/types\/page"}],"author":[{"embeddable":true,"href":"https:\/\/ustakadir.com\/index.php?rest_route=\/wp\/v2\/users\/1"}],"replies":[{"embeddable":true,"href":"https:\/\/ustakadir.com\/index.php?rest_route=%2Fwp%2Fv2%2Fcomments&post=89"}],"version-history":[{"count":5,"href":"https:\/\/ustakadir.com\/index.php?rest_route=\/wp\/v2\/pages\/89\/revisions"}],"predecessor-version":[{"id":110,"href":"https:\/\/ustakadir.com\/index.php?rest_route=\/wp\/v2\/pages\/89\/revisions\/110"}],"wp:attachment":[{"href":"https:\/\/ustakadir.com\/index.php?rest_route=%2Fwp%2Fv2%2Fmedia&parent=89"}],"curies":[{"name":"wp","href":"https:\/\/api.w.org\/{rel}","templated":true}]}}